

{"id":6710,"date":"2023-05-02T16:34:06","date_gmt":"2023-05-02T20:34:06","guid":{"rendered":"https:\/\/keystonecollects.com\/?page_id=6710"},"modified":"2023-05-02T16:51:11","modified_gmt":"2023-05-02T20:51:11","slug":"terminos-y-condiciones","status":"publish","type":"page","link":"https:\/\/keystonecollects.com\/es\/terms-conditions\/","title":{"rendered":"T\u00e9rminos y Condiciones de Carga de Archivos"},"content":{"rendered":"<p>Yo (en adelante, el &quot;Usuario&quot;) reconozco que he le\u00eddo y acepto y estoy de acuerdo con los t\u00e9rminos y condiciones contenidos en los T\u00e9rminos y condiciones y la Pol\u00edtica de privacidad. POR FAVOR LEA ESTOS T\u00c9RMINOS Y CONDICIONES CUIDADOSAMENTE.<\/p>\n\n\n\n<h2 class=\"wp-block-heading\">Cambios a los T\u00e9rminos<\/h2>\n\n\n\n<p>Keystone Collections Group (en lo sucesivo, &quot;Keystone&quot;) puede cambiar o modificar estos T\u00e9rminos y condiciones, as\u00ed como la Pol\u00edtica de privacidad de vez en cuando sin previo aviso. Cualquier modificaci\u00f3n ser\u00e1 efectiva cuando se publique. Keystone se reserva el derecho de cambiar, modificar y\/o descontinuar cualquier servicio proporcionado al Usuario sin previo aviso. El usuario acepta que Keystone no ser\u00e1 responsable ante el usuario ni ante ning\u00fan tercero por cualquier modificaci\u00f3n, suspensi\u00f3n o interrupci\u00f3n del servicio.<\/p>\n\n\n\n<h2 class=\"wp-block-heading\">Propiedad del contenido subido<\/h2>\n\n\n\n<p>El usuario acepta que cualquier contenido electr\u00f3nico, independientemente del formato, enviado por el usuario utilizando la(s) funci\u00f3n(es) de carga de archivos de Keystone (en lo sucesivo, \u201cCarga de archivos\u201d) pasar\u00e1 a ser propiedad del (los) organismo(s) fiscal(es) y del Comit\u00e9 de Recaudaci\u00f3n de Impuestos del Usuario. Adem\u00e1s, Keystone actuar\u00e1 como custodio de los documentos o im\u00e1genes como se describe en 53 PS \u00a76924.509(e). El usuario garantiza que tiene todos los derechos, t\u00edtulos, permisos y autoridad apropiados en todo el contenido transmitido a Keystone mediante Carga de archivos.<\/p>\n\n\n\n<h2 class=\"wp-block-heading\">Sin uso o contenido ilegal, da\u00f1ino u ofensivo<\/h2>\n\n\n\n<p>El usuario acepta utilizar la carga de archivos \u00fanicamente para enviar contenido relacionado directamente con cuestiones fiscales. El usuario no puede acceder ni utilizar Carga de archivos para fines ilegales, da\u00f1inos, fraudulentos u ofensivos. El usuario tambi\u00e9n acepta que los documentos o im\u00e1genes que se carguen no infringir\u00e1n los derechos de terceros, ser\u00e1n ilegales, da\u00f1inos, indecentes, difamatorios, calumniosos, acosadores, amenazantes o fraudulentos. El usuario acepta no intentar interferir, interceptar subrepticiamente o expropiar ning\u00fan sistema, programa o datos, incluidos, entre otros, virus, caballos de Troya, gusanos o bombas de tiempo.<\/p>\n\n\n\n<h2 class=\"wp-block-heading\">Software de conversi\u00f3n de terceros y exploraci\u00f3n protectora<\/h2>\n\n\n\n<p>El usuario reconoce y permite expresamente que Keystone utilice software basado en la nube de terceros para convertir el contenido del usuario en un formato de archivo uniforme y almacenar temporalmente el contenido cargado por el usuario y transmitir dicho contenido a Keystone. Al utilizar este servicio, el usuario autoriza expresamente la divulgaci\u00f3n del contenido cargado a la empresa de software de terceros y libera para siempre a Keystone de cualquier responsabilidad por la divulgaci\u00f3n de informaci\u00f3n fiscal confidencial al proveedor de servicios de terceros o cualquier da\u00f1o que resulte de ello. Adem\u00e1s, el Usuario acepta y acepta que cualquier contenido cargado se someter\u00e1 a un an\u00e1lisis de archivos electr\u00f3nicos administrado por un software de terceros que est\u00e1 dise\u00f1ado espec\u00edficamente para identificar archivos que infringen los derechos de terceros, son ilegales, da\u00f1inos, indecentes, difamatorios, calumniosos, acosadores, amenazantes, o fraudulento, o contiene c\u00f3digo o archivos que se env\u00edan para expropiar cualquier sistema, programa o datos, incluidos, entre otros, virus, caballos de Troya, gusanos o bombas de tiempo. El usuario reconoce que cualquier contenido cargado mediante Carga de archivos que el esc\u00e1ner de archivos electr\u00f3nicos identifique como que viola estos T\u00e9rminos y condiciones o la Pol\u00edtica de privacidad estar\u00e1 sujeto a revisi\u00f3n por parte de un tercero y, por lo tanto, puede ser rechazado. El usuario renuncia a cualquier derecho a la confidencialidad de los documentos que puedan revisarse de conformidad con estos controles del sistema, las precauciones de seguridad, los T\u00e9rminos y condiciones o la Pol\u00edtica de privacidad. El usuario acepta que Keystone y los proveedores de software de terceros utilizan al menos los est\u00e1ndares de la industria en la protecci\u00f3n del contenido cargado. El usuario reconoce que cualquier contenido cargado que viole estos T\u00e9rminos y condiciones no se proporcionar\u00e1 a Keystone y se tratar\u00e1 como no entregado.<\/p>\n\n\n\n<h2 class=\"wp-block-heading\">Ley que rige<\/h2>\n\n\n\n<p>Este Acuerdo, la interpretaci\u00f3n y aplicaci\u00f3n de sus t\u00e9rminos y la interpretaci\u00f3n de los derechos y deberes en virtud del mismo se regir\u00e1n por las leyes internas de la Mancomunidad de Pensilvania, sin tener en cuenta sus conflictos de principios legales. El Usuario y Keystone acuerdan que los tribunales estatales o federales ubicados en el condado de Allegheny, Pensilvania, ser\u00e1n el foro adecuado para cualquier controversia legal que surja de este Acuerdo o en relaci\u00f3n con \u00e9l, y las Partes por el presente dan su consentimiento irrevocable e incondicional a la jurisdicci\u00f3n exclusiva de dicho Acuerdo. tribunales para tales fines, en la medida permitida por la ley aplicable.<\/p>\n\n\n\n<h2 class=\"wp-block-heading\">Indemnizaci\u00f3n<\/h2>\n\n\n\n<p>El usuario indemniza completamente y exime a Keystone de toda responsabilidad por cualquier reclamo, causa de acci\u00f3n, p\u00e9rdida o da\u00f1o, tarifa, gasto, liquidaci\u00f3n o cualquier otra forma de da\u00f1o o gasto relacionado que pueda surgir del uso de Carga de archivos, incluidos, entre otros, datos incumplimiento, divulgaci\u00f3n de informaci\u00f3n fiscal confidencial, robo de identidad, infracci\u00f3n de derechos de autor. Adem\u00e1s, el Usuario comprende y reconoce que el uso de la carga de archivos es voluntario y que existen otros m\u00e9todos de env\u00edo de documentos, como el Servicio Postal de los Estados Unidos, un servicio de mensajer\u00eda privado o por fax utilizando un n\u00famero de fax designado. En consideraci\u00f3n de la conveniencia y los beneficios para el Usuario al seleccionar y usar voluntariamente esta opci\u00f3n de carga electr\u00f3nica de Carga de archivos, el Usuario acepta completamente estos T\u00e9rminos y condiciones.<\/p>","protected":false},"excerpt":{"rendered":"<p>I (hereinafter the \u201cUser\u201d) acknowledge that I have read, and do hereby accept and agree to the terms and conditions contained in the Terms and Conditions and Privacy Policy. PLEASE READ THESE TERMS AND CONDITIONS CAREFULLY. Changes to the Terms Keystone Collections Group (hereinafter \u201cKeystone\u201d) may change or modify these Terms and Conditions as well [&hellip;]<\/p>\n","protected":false},"author":1,"featured_media":0,"parent":0,"menu_order":0,"comment_status":"closed","ping_status":"closed","template":"","meta":{"_acf_changed":false,"_seopress_robots_primary_cat":"","_seopress_titles_title":"","_seopress_titles_desc":"","_seopress_robots_index":"yes","site-sidebar-layout":"default","site-content-layout":"","ast-site-content-layout":"default","site-content-style":"default","site-sidebar-style":"default","ast-global-header-display":"","ast-banner-title-visibility":"","ast-main-header-display":"","ast-hfb-above-header-display":"","ast-hfb-below-header-display":"","ast-hfb-mobile-header-display":"","site-post-title":"","ast-breadcrumbs-content":"","ast-featured-img":"","footer-sml-layout":"","ast-disable-related-posts":"","theme-transparent-header-meta":"","adv-header-id-meta":"","stick-header-meta":"","header-above-stick-meta":"","header-main-stick-meta":"","header-below-stick-meta":"","astra-migrate-meta-layouts":"default","ast-page-background-enabled":"default","ast-page-background-meta":{"desktop":{"background-color":"","background-image":"","background-repeat":"repeat","background-position":"center center","background-size":"auto","background-attachment":"scroll","background-type":"","background-media":"","overlay-type":"","overlay-color":"","overlay-opacity":"","overlay-gradient":""},"tablet":{"background-color":"","background-image":"","background-repeat":"repeat","background-position":"center center","background-size":"auto","background-attachment":"scroll","background-type":"","background-media":"","overlay-type":"","overlay-color":"","overlay-opacity":"","overlay-gradient":""},"mobile":{"background-color":"","background-image":"","background-repeat":"repeat","background-position":"center center","background-size":"auto","background-attachment":"scroll","background-type":"","background-media":"","overlay-type":"","overlay-color":"","overlay-opacity":"","overlay-gradient":""}},"ast-content-background-meta":{"desktop":{"background-color":"var(--ast-global-color-5)","background-image":"","background-repeat":"repeat","background-position":"center center","background-size":"auto","background-attachment":"scroll","background-type":"","background-media":"","overlay-type":"","overlay-color":"","overlay-opacity":"","overlay-gradient":""},"tablet":{"background-color":"var(--ast-global-color-5)","background-image":"","background-repeat":"repeat","background-position":"center center","background-size":"auto","background-attachment":"scroll","background-type":"","background-media":"","overlay-type":"","overlay-color":"","overlay-opacity":"","overlay-gradient":""},"mobile":{"background-color":"var(--ast-global-color-5)","background-image":"","background-repeat":"repeat","background-position":"center center","background-size":"auto","background-attachment":"scroll","background-type":"","background-media":"","overlay-type":"","overlay-color":"","overlay-opacity":"","overlay-gradient":""}},"footnotes":""},"class_list":["post-6710","page","type-page","status-publish","hentry"],"acf":[],"_links":{"self":[{"href":"https:\/\/keystonecollects.com\/es\/wp-json\/wp\/v2\/pages\/6710","targetHints":{"allow":["GET"]}}],"collection":[{"href":"https:\/\/keystonecollects.com\/es\/wp-json\/wp\/v2\/pages"}],"about":[{"href":"https:\/\/keystonecollects.com\/es\/wp-json\/wp\/v2\/types\/page"}],"author":[{"embeddable":true,"href":"https:\/\/keystonecollects.com\/es\/wp-json\/wp\/v2\/users\/1"}],"replies":[{"embeddable":true,"href":"https:\/\/keystonecollects.com\/es\/wp-json\/wp\/v2\/comments?post=6710"}],"version-history":[{"count":0,"href":"https:\/\/keystonecollects.com\/es\/wp-json\/wp\/v2\/pages\/6710\/revisions"}],"wp:attachment":[{"href":"https:\/\/keystonecollects.com\/es\/wp-json\/wp\/v2\/media?parent=6710"}],"curies":[{"name":"wp","href":"https:\/\/api.w.org\/{rel}","templated":true}]}}